{"id":6863,"date":"2023-02-01T12:56:49","date_gmt":"2023-02-01T11:56:49","guid":{"rendered":"https:\/\/xmp-packaging.com\/product-sheet-felt-bags\/"},"modified":"2023-03-13T10:27:35","modified_gmt":"2023-03-13T09:27:35","slug":"product-sheet-felt-bags","status":"publish","type":"page","link":"https:\/\/xmp-packaging.com\/en\/product-sheet-felt-bags\/","title":{"rendered":"Product sheet &#8211; Felt bags"},"content":{"rendered":"\t\t<div data-elementor-type=\"wp-page\" data-elementor-id=\"6863\" class=\"elementor elementor-6863 elementor-4969\" data-elementor-post-type=\"page\">\n\t\t\t\t\t\t<section class=\"elementor-section elementor-top-section elementor-element elementor-element-329cea36 elementor-section-boxed elementor-section-height-default elementor-section-height-default\" data-id=\"329cea36\" data-element_type=\"section\" data-e-type=\"section\">\n\t\t\t\t\t\t<div class=\"elementor-container elementor-column-gap-default\">\n\t\t\t\t\t<div class=\"elementor-column elementor-col-100 elementor-top-column elementor-element elementor-element-6f747a\" data-id=\"6f747a\" data-element_type=\"column\" data-e-type=\"column\">\n\t\t\t<div class=\"elementor-widget-wrap elementor-element-populated\">\n\t\t\t\t\t\t<div class=\"elementor-element elementor-element-421f0dfa elementor-widget__width-initial elementor-widget elementor-widget-heading\" data-id=\"421f0dfa\" data-element_type=\"widget\" data-e-type=\"widget\" data-widget_type=\"heading.default\">\n\t\t\t\t<div class=\"elementor-widget-container\">\n\t\t\t\t\t<h2 class=\"elementor-heading-title elementor-size-default\">Customized felt bags <\/h2>\t\t\t\t<\/div>\n\t\t\t\t<\/div>\n\t\t\t\t<div class=\"elementor-element elementor-element-5e998f97 elementor-widget__width-initial elementor-button-align-stretch elementor-invisible elementor-widget elementor-widget-form\" data-id=\"5e998f97\" data-element_type=\"widget\" data-e-type=\"widget\" data-settings=\"{&quot;step_next_label&quot;:&quot;Suivant&quot;,&quot;step_previous_label&quot;:&quot;Pr\\u00e9c\\u00e9dent&quot;,&quot;_animation&quot;:&quot;fadeIn&quot;,&quot;button_width&quot;:&quot;100&quot;,&quot;step_type&quot;:&quot;number_text&quot;,&quot;step_icon_shape&quot;:&quot;circle&quot;}\" data-widget_type=\"form.default\">\n\t\t\t\t<div class=\"elementor-widget-container\">\n\t\t\t\t\t\t\t<form class=\"elementor-form\" method=\"post\" name=\"Formulaire de contact\">\n\t\t\t<input type=\"hidden\" name=\"post_id\" value=\"6863\"\/>\n\t\t\t<input type=\"hidden\" name=\"form_id\" value=\"5e998f97\"\/>\n\t\t\t<input type=\"hidden\" name=\"referer_title\" value=\"Product sheet - Felt bags\" \/>\n\n\t\t\t\t\t\t\t<input type=\"hidden\" name=\"queried_id\" value=\"6863\"\/>\n\t\t\t\n\t\t\t<div class=\"elementor-form-fields-wrapper elementor-labels-above\">\n\t\t\t\t\t\t\t\t<div class=\"elementor-field-type-text elementor-field-group elementor-column elementor-field-group-name elementor-col-50 elementor-field-required elementor-mark-required\">\n\t\t\t\t\t\t\t\t\t\t\t\t<label for=\"form-field-name\" class=\"elementor-field-label\">\n\t\t\t\t\t\t\t\tFirst name\t\t\t\t\t\t\t<\/label>\n\t\t\t\t\t\t\t\t\t\t\t\t\t\t<input size=\"1\" type=\"text\" name=\"form_fields[name]\" id=\"form-field-name\" class=\"elementor-field elementor-size-sm  elementor-field-textual\" required=\"required\">\n\t\t\t\t\t\t\t\t\t\t\t<\/div>\n\t\t\t\t\t\t\t\t<div class=\"elementor-field-type-text elementor-field-group elementor-column elementor-field-group-field_5fdef44 elementor-col-50 elementor-field-required elementor-mark-required\">\n\t\t\t\t\t\t\t\t\t\t\t\t<label for=\"form-field-field_5fdef44\" class=\"elementor-field-label\">\n\t\t\t\t\t\t\t\tLast name\t\t\t\t\t\t\t<\/label>\n\t\t\t\t\t\t\t\t\t\t\t\t\t\t<input size=\"1\" type=\"text\" name=\"form_fields[field_5fdef44]\" id=\"form-field-field_5fdef44\" class=\"elementor-field elementor-size-sm  elementor-field-textual\" required=\"required\">\n\t\t\t\t\t\t\t\t\t\t\t<\/div>\n\t\t\t\t\t\t\t\t<div class=\"elementor-field-type-email elementor-field-group elementor-column elementor-field-group-email elementor-col-100 elementor-field-required elementor-mark-required\">\n\t\t\t\t\t\t\t\t\t\t\t\t<label for=\"form-field-email\" class=\"elementor-field-label\">\n\t\t\t\t\t\t\t\tEmail\t\t\t\t\t\t\t<\/label>\n\t\t\t\t\t\t\t\t\t\t\t\t\t\t<input size=\"1\" type=\"email\" name=\"form_fields[email]\" id=\"form-field-email\" class=\"elementor-field elementor-size-sm  elementor-field-textual\" required=\"required\">\n\t\t\t\t\t\t\t\t\t\t\t<\/div>\n\t\t\t\t\t\t\t\t<div class=\"elementor-field-type-tel elementor-field-group elementor-column elementor-field-group-field_ec0f00c elementor-col-100\">\n\t\t\t\t\t\t\t\t\t\t\t\t<label for=\"form-field-field_ec0f00c\" class=\"elementor-field-label\">\n\t\t\t\t\t\t\t\tTelephone number\t\t\t\t\t\t\t<\/label>\n\t\t\t\t\t\t\t\t<input size=\"1\" type=\"tel\" name=\"form_fields[field_ec0f00c]\" id=\"form-field-field_ec0f00c\" class=\"elementor-field elementor-size-sm  elementor-field-textual\" pattern=\"[0-9()#&amp;+*-=.]+\" title=\"Only numbers and phone characters (#, -, *, etc) are accepted.\">\n\n\t\t\t\t\t\t<\/div>\n\t\t\t\t\t\t\t\t<div class=\"elementor-field-type-text elementor-field-group elementor-column elementor-field-group-field_867b21c elementor-col-100\">\n\t\t\t\t\t\t\t\t\t\t\t\t<label for=\"form-field-field_867b21c\" class=\"elementor-field-label\">\n\t\t\t\t\t\t\t\tCompany name\t\t\t\t\t\t\t<\/label>\n\t\t\t\t\t\t\t\t\t\t\t\t\t\t<input size=\"1\" type=\"text\" name=\"form_fields[field_867b21c]\" id=\"form-field-field_867b21c\" class=\"elementor-field elementor-size-sm  elementor-field-textual\">\n\t\t\t\t\t\t\t\t\t\t\t<\/div>\n\t\t\t\t\t\t\t\t<div class=\"elementor-field-type-recaptcha_v3 elementor-field-group elementor-column elementor-field-group-field_aa77746 elementor-col-100 recaptcha_v3-bottomright\">\n\t\t\t\t\t<div class=\"elementor-field\" id=\"form-field-field_aa77746\"><div class=\"elementor-g-recaptcha\" data-sitekey=\"6Let11wkAAAAAAukggW4qNAhPixG2tfUu35X20t2\" data-type=\"v3\" data-action=\"Form\" data-badge=\"bottomright\" data-size=\"invisible\"><\/div><\/div>\t\t\t\t<\/div>\n\t\t\t\t\t\t\t\t<div class=\"elementor-field-group elementor-column elementor-field-type-submit elementor-col-100 e-form__buttons\">\n\t\t\t\t\t<button class=\"elementor-button elementor-size-sm\" type=\"submit\">\n\t\t\t\t\t\t<span class=\"elementor-button-content-wrapper\">\n\t\t\t\t\t\t\t\t\t\t\t\t\t\t\t\t\t\t\t\t\t\t<span class=\"elementor-button-text\">Submit<\/span>\n\t\t\t\t\t\t\t\t\t\t\t\t\t<\/span>\n\t\t\t\t\t<\/button>\n\t\t\t\t<\/div>\n\t\t\t<\/div>\n\t\t<\/form>\n\t\t\t\t\t\t<\/div>\n\t\t\t\t<\/div>\n\t\t\t\t\t<\/div>\n\t\t<\/div>\n\t\t\t\t\t<\/div>\n\t\t<\/section>\n\t\t\t\t<\/div>\n\t\t","protected":false},"excerpt":{"rendered":"<p>Customized felt bags<\/p>\n","protected":false},"author":226808046,"featured_media":0,"parent":0,"menu_order":0,"comment_status":"closed","ping_status":"closed","template":"","meta":{"_crdt_document":"","site-sidebar-layout":"no-sidebar","site-content-layout":"page-builder","ast-site-content-layout":"","site-content-style":"default","site-sidebar-style":"default","ast-global-header-display":"","ast-banner-title-visibility":"","ast-main-header-display":"","ast-hfb-above-header-display":"","ast-hfb-below-header-display":"","ast-hfb-mobile-header-display":"","site-post-title":"disabled","ast-breadcrumbs-content":"","ast-featured-img":"disabled","footer-sml-layout":"","theme-transparent-header-meta":"","adv-header-id-meta":"","stick-header-meta":"","header-above-stick-meta":"","header-main-stick-meta":"","header-below-stick-meta":"","astra-migrate-meta-layouts":"default","ast-page-background-enabled":"default","ast-page-background-meta":{"desktop":{"background-color":"var(--ast-global-color-4)","background-image":"","background-repeat":"repeat","background-position":"center center","background-size":"auto","background-attachment":"scroll","background-type":"","background-media":"","overlay-type":"","overlay-color":"","overlay-gradient":""},"tablet":{"background-color":"","background-image":"","background-repeat":"repeat","background-position":"center center","background-size":"auto","background-attachment":"scroll","background-type":"","background-media":"","overlay-type":"","overlay-color":"","overlay-gradient":""},"mobile":{"background-color":"","background-image":"","background-repeat":"repeat","background-position":"center center","background-size":"auto","background-attachment":"scroll","background-type":"","background-media":"","overlay-type":"","overlay-color":"","overlay-gradient":""}},"ast-content-background-meta":{"desktop":{"background-color":"var(--ast-global-color-5)","background-image":"","background-repeat":"repeat","background-position":"center center","background-size":"auto","background-attachment":"scroll","background-type":"","background-media":"","overlay-type":"","overlay-color":"","overlay-gradient":""},"tablet":{"background-color":"var(--ast-global-color-5)","background-image":"","background-repeat":"repeat","background-position":"center center","background-size":"auto","background-attachment":"scroll","background-type":"","background-media":"","overlay-type":"","overlay-color":"","overlay-gradient":""},"mobile":{"background-color":"var(--ast-global-color-5)","background-image":"","background-repeat":"repeat","background-position":"center center","background-size":"auto","background-attachment":"scroll","background-type":"","background-media":"","overlay-type":"","overlay-color":"","overlay-gradient":""}},"jetpack_post_was_ever_published":false,"footnotes":""},"class_list":["post-6863","page","type-page","status-publish","hentry"],"yoast_head":"<!-- This site is optimized with the Yoast SEO plugin v27.3 - https:\/\/yoast.com\/product\/yoast-seo-wordpress\/ -->\n<title>Product sheet - Felt bags<\/title>\n<meta name=\"robots\" content=\"index, follow, max-snippet:-1, max-image-preview:large, max-video-preview:-1\" \/>\n<link rel=\"canonical\" href=\"https:\/\/xmp-packaging.com\/en\/product-sheet-felt-bags\/\" \/>\n<meta property=\"og:locale\" content=\"en_US\" \/>\n<meta property=\"og:type\" content=\"article\" \/>\n<meta property=\"og:title\" content=\"Product sheet - Felt bags\" \/>\n<meta property=\"og:description\" content=\"Customized felt bags\" \/>\n<meta property=\"og:url\" content=\"https:\/\/xmp-packaging.com\/en\/product-sheet-felt-bags\/\" \/>\n<meta property=\"og:site_name\" content=\"XMP Packaging\" \/>\n<meta property=\"article:modified_time\" content=\"2023-03-13T09:27:35+00:00\" \/>\n<meta name=\"twitter:card\" content=\"summary_large_image\" \/>\n<script type=\"application\/ld+json\" class=\"yoast-schema-graph\">{\"@context\":\"https:\\\/\\\/schema.org\",\"@graph\":[{\"@type\":\"WebPage\",\"@id\":\"https:\\\/\\\/xmp-packaging.com\\\/en\\\/product-sheet-felt-bags\\\/\",\"url\":\"https:\\\/\\\/xmp-packaging.com\\\/en\\\/product-sheet-felt-bags\\\/\",\"name\":\"Product sheet - Felt bags\",\"isPartOf\":{\"@id\":\"https:\\\/\\\/xmp-packaging.com\\\/en\\\/#website\"},\"datePublished\":\"2023-02-01T11:56:49+00:00\",\"dateModified\":\"2023-03-13T09:27:35+00:00\",\"breadcrumb\":{\"@id\":\"https:\\\/\\\/xmp-packaging.com\\\/en\\\/product-sheet-felt-bags\\\/#breadcrumb\"},\"inLanguage\":\"en-US\",\"potentialAction\":[{\"@type\":\"ReadAction\",\"target\":[\"https:\\\/\\\/xmp-packaging.com\\\/en\\\/product-sheet-felt-bags\\\/\"]}]},{\"@type\":\"BreadcrumbList\",\"@id\":\"https:\\\/\\\/xmp-packaging.com\\\/en\\\/product-sheet-felt-bags\\\/#breadcrumb\",\"itemListElement\":[{\"@type\":\"ListItem\",\"position\":1,\"name\":\"Accueil\",\"item\":\"https:\\\/\\\/xmp-packaging.com\\\/en\\\/\"},{\"@type\":\"ListItem\",\"position\":2,\"name\":\"Product sheet &#8211; Felt bags\"}]},{\"@type\":\"WebSite\",\"@id\":\"https:\\\/\\\/xmp-packaging.com\\\/en\\\/#website\",\"url\":\"https:\\\/\\\/xmp-packaging.com\\\/en\\\/\",\"name\":\"XMP Packaging\",\"description\":\"XMP Packaging, expert du packaging personnalis\u00e9 \u00e9coresponsable, de la conception jusqu&#039;\u00e0 la livraison.\",\"publisher\":{\"@id\":\"https:\\\/\\\/xmp-packaging.com\\\/en\\\/#organization\"},\"potentialAction\":[{\"@type\":\"SearchAction\",\"target\":{\"@type\":\"EntryPoint\",\"urlTemplate\":\"https:\\\/\\\/xmp-packaging.com\\\/en\\\/?s={search_term_string}\"},\"query-input\":{\"@type\":\"PropertyValueSpecification\",\"valueRequired\":true,\"valueName\":\"search_term_string\"}}],\"inLanguage\":\"en-US\"},{\"@type\":\"Organization\",\"@id\":\"https:\\\/\\\/xmp-packaging.com\\\/en\\\/#organization\",\"name\":\"XMP Packaging\",\"url\":\"https:\\\/\\\/xmp-packaging.com\\\/en\\\/\",\"logo\":{\"@type\":\"ImageObject\",\"inLanguage\":\"en-US\",\"@id\":\"https:\\\/\\\/xmp-packaging.com\\\/en\\\/#\\\/schema\\\/logo\\\/image\\\/\",\"url\":\"https:\\\/\\\/i0.wp.com\\\/xmp-packaging.com\\\/wp-content\\\/uploads\\\/2023\\\/01\\\/cropped-XMP-LOGOS-02.png?fit=1920%2C641&ssl=1\",\"contentUrl\":\"https:\\\/\\\/i0.wp.com\\\/xmp-packaging.com\\\/wp-content\\\/uploads\\\/2023\\\/01\\\/cropped-XMP-LOGOS-02.png?fit=1920%2C641&ssl=1\",\"width\":1920,\"height\":641,\"caption\":\"XMP Packaging\"},\"image\":{\"@id\":\"https:\\\/\\\/xmp-packaging.com\\\/en\\\/#\\\/schema\\\/logo\\\/image\\\/\"}}]}<\/script>\n<!-- \/ Yoast SEO plugin. -->","yoast_head_json":{"title":"Product sheet - Felt bags","robots":{"index":"index","follow":"follow","max-snippet":"max-snippet:-1","max-image-preview":"max-image-preview:large","max-video-preview":"max-video-preview:-1"},"canonical":"https:\/\/xmp-packaging.com\/en\/product-sheet-felt-bags\/","og_locale":"en_US","og_type":"article","og_title":"Product sheet - Felt bags","og_description":"Customized felt bags","og_url":"https:\/\/xmp-packaging.com\/en\/product-sheet-felt-bags\/","og_site_name":"XMP Packaging","article_modified_time":"2023-03-13T09:27:35+00:00","twitter_card":"summary_large_image","schema":{"@context":"https:\/\/schema.org","@graph":[{"@type":"WebPage","@id":"https:\/\/xmp-packaging.com\/en\/product-sheet-felt-bags\/","url":"https:\/\/xmp-packaging.com\/en\/product-sheet-felt-bags\/","name":"Product sheet - Felt bags","isPartOf":{"@id":"https:\/\/xmp-packaging.com\/en\/#website"},"datePublished":"2023-02-01T11:56:49+00:00","dateModified":"2023-03-13T09:27:35+00:00","breadcrumb":{"@id":"https:\/\/xmp-packaging.com\/en\/product-sheet-felt-bags\/#breadcrumb"},"inLanguage":"en-US","potentialAction":[{"@type":"ReadAction","target":["https:\/\/xmp-packaging.com\/en\/product-sheet-felt-bags\/"]}]},{"@type":"BreadcrumbList","@id":"https:\/\/xmp-packaging.com\/en\/product-sheet-felt-bags\/#breadcrumb","itemListElement":[{"@type":"ListItem","position":1,"name":"Accueil","item":"https:\/\/xmp-packaging.com\/en\/"},{"@type":"ListItem","position":2,"name":"Product sheet &#8211; Felt bags"}]},{"@type":"WebSite","@id":"https:\/\/xmp-packaging.com\/en\/#website","url":"https:\/\/xmp-packaging.com\/en\/","name":"XMP Packaging","description":"XMP Packaging, expert du packaging personnalis\u00e9 \u00e9coresponsable, de la conception jusqu&#039;\u00e0 la livraison.","publisher":{"@id":"https:\/\/xmp-packaging.com\/en\/#organization"},"potentialAction":[{"@type":"SearchAction","target":{"@type":"EntryPoint","urlTemplate":"https:\/\/xmp-packaging.com\/en\/?s={search_term_string}"},"query-input":{"@type":"PropertyValueSpecification","valueRequired":true,"valueName":"search_term_string"}}],"inLanguage":"en-US"},{"@type":"Organization","@id":"https:\/\/xmp-packaging.com\/en\/#organization","name":"XMP Packaging","url":"https:\/\/xmp-packaging.com\/en\/","logo":{"@type":"ImageObject","inLanguage":"en-US","@id":"https:\/\/xmp-packaging.com\/en\/#\/schema\/logo\/image\/","url":"https:\/\/i0.wp.com\/xmp-packaging.com\/wp-content\/uploads\/2023\/01\/cropped-XMP-LOGOS-02.png?fit=1920%2C641&ssl=1","contentUrl":"https:\/\/i0.wp.com\/xmp-packaging.com\/wp-content\/uploads\/2023\/01\/cropped-XMP-LOGOS-02.png?fit=1920%2C641&ssl=1","width":1920,"height":641,"caption":"XMP Packaging"},"image":{"@id":"https:\/\/xmp-packaging.com\/en\/#\/schema\/logo\/image\/"}}]}},"jetpack_likes_enabled":true,"jetpack_sharing_enabled":true,"jetpack_shortlink":"https:\/\/wp.me\/PetUvR-1MH","jetpack-related-posts":[],"_links":{"self":[{"href":"https:\/\/xmp-packaging.com\/en\/wp-json\/wp\/v2\/pages\/6863","targetHints":{"allow":["GET"]}}],"collection":[{"href":"https:\/\/xmp-packaging.com\/en\/wp-json\/wp\/v2\/pages"}],"about":[{"href":"https:\/\/xmp-packaging.com\/en\/wp-json\/wp\/v2\/types\/page"}],"author":[{"embeddable":true,"href":"https:\/\/xmp-packaging.com\/en\/wp-json\/wp\/v2\/users\/226808046"}],"replies":[{"embeddable":true,"href":"https:\/\/xmp-packaging.com\/en\/wp-json\/wp\/v2\/comments?post=6863"}],"version-history":[{"count":0,"href":"https:\/\/xmp-packaging.com\/en\/wp-json\/wp\/v2\/pages\/6863\/revisions"}],"wp:attachment":[{"href":"https:\/\/xmp-packaging.com\/en\/wp-json\/wp\/v2\/media?parent=6863"}],"curies":[{"name":"wp","href":"https:\/\/api.w.org\/{rel}","templated":true}]}}