{"id":6437,"date":"2023-01-30T08:47:29","date_gmt":"2023-01-30T07:47:29","guid":{"rendered":"https:\/\/xmp-packaging.com\/catalogo\/"},"modified":"2023-03-13T15:01:57","modified_gmt":"2023-03-13T14:01:57","slug":"catalogo","status":"publish","type":"page","link":"https:\/\/xmp-packaging.com\/es\/catalogo\/","title":{"rendered":"CAT\u00c1LOGO"},"content":{"rendered":"\t\t<div data-elementor-type=\"wp-page\" data-elementor-id=\"6437\" class=\"elementor elementor-6437 elementor-3592\" data-elementor-post-type=\"page\">\n\t\t\t\t\t\t<section class=\"elementor-section elementor-top-section elementor-element elementor-element-3a8c27c3 elementor-section-boxed elementor-section-height-default elementor-section-height-default\" data-id=\"3a8c27c3\" data-element_type=\"section\" data-e-type=\"section\">\n\t\t\t\t\t\t<div class=\"elementor-container elementor-column-gap-default\">\n\t\t\t\t\t<div class=\"elementor-column elementor-col-100 elementor-top-column elementor-element elementor-element-5b5c796f\" data-id=\"5b5c796f\" data-element_type=\"column\" data-e-type=\"column\">\n\t\t\t<div class=\"elementor-widget-wrap elementor-element-populated\">\n\t\t\t\t\t\t<div class=\"elementor-element elementor-element-2eaef5e elementor-widget__width-initial elementor-button-align-stretch elementor-invisible elementor-widget elementor-widget-form\" data-id=\"2eaef5e\" data-element_type=\"widget\" data-e-type=\"widget\" data-settings=\"{&quot;step_next_label&quot;:&quot;Suivant&quot;,&quot;step_previous_label&quot;:&quot;Pr\\u00e9c\\u00e9dent&quot;,&quot;_animation&quot;:&quot;fadeIn&quot;,&quot;button_width&quot;:&quot;100&quot;,&quot;step_type&quot;:&quot;number_text&quot;,&quot;step_icon_shape&quot;:&quot;circle&quot;}\" data-widget_type=\"form.default\">\n\t\t\t\t<div class=\"elementor-widget-container\">\n\t\t\t\t\t\t\t<form class=\"elementor-form\" method=\"post\" name=\"Formulario de contacto\">\n\t\t\t<input type=\"hidden\" name=\"post_id\" value=\"6437\"\/>\n\t\t\t<input type=\"hidden\" name=\"form_id\" value=\"2eaef5e\"\/>\n\t\t\t<input type=\"hidden\" name=\"referer_title\" value=\"CAT\u00c1LOGO - XMP Packaging\" \/>\n\n\t\t\t\t\t\t\t<input type=\"hidden\" name=\"queried_id\" value=\"6437\"\/>\n\t\t\t\n\t\t\t<div class=\"elementor-form-fields-wrapper elementor-labels-above\">\n\t\t\t\t\t\t\t\t<div class=\"elementor-field-type-text elementor-field-group elementor-column elementor-field-group-name elementor-col-50 elementor-field-required elementor-mark-required\">\n\t\t\t\t\t\t\t\t\t\t\t\t<label for=\"form-field-name\" class=\"elementor-field-label\">\n\t\t\t\t\t\t\t\tNombre\t\t\t\t\t\t\t<\/label>\n\t\t\t\t\t\t\t\t\t\t\t\t\t\t<input size=\"1\" type=\"text\" name=\"form_fields[name]\" id=\"form-field-name\" class=\"elementor-field elementor-size-sm  elementor-field-textual\" required=\"required\">\n\t\t\t\t\t\t\t\t\t\t\t<\/div>\n\t\t\t\t\t\t\t\t<div class=\"elementor-field-type-text elementor-field-group elementor-column elementor-field-group-field_5fdef44 elementor-col-50 elementor-field-required elementor-mark-required\">\n\t\t\t\t\t\t\t\t\t\t\t\t<label for=\"form-field-field_5fdef44\" class=\"elementor-field-label\">\n\t\t\t\t\t\t\t\tApellido\t\t\t\t\t\t\t<\/label>\n\t\t\t\t\t\t\t\t\t\t\t\t\t\t<input size=\"1\" type=\"text\" name=\"form_fields[field_5fdef44]\" id=\"form-field-field_5fdef44\" class=\"elementor-field elementor-size-sm  elementor-field-textual\" required=\"required\">\n\t\t\t\t\t\t\t\t\t\t\t<\/div>\n\t\t\t\t\t\t\t\t<div class=\"elementor-field-type-email elementor-field-group elementor-column elementor-field-group-email elementor-col-100 elementor-field-required elementor-mark-required\">\n\t\t\t\t\t\t\t\t\t\t\t\t<label for=\"form-field-email\" class=\"elementor-field-label\">\n\t\t\t\t\t\t\t\tCorreo\t\t\t\t\t\t\t<\/label>\n\t\t\t\t\t\t\t\t\t\t\t\t\t\t<input size=\"1\" type=\"email\" name=\"form_fields[email]\" id=\"form-field-email\" class=\"elementor-field elementor-size-sm  elementor-field-textual\" required=\"required\">\n\t\t\t\t\t\t\t\t\t\t\t<\/div>\n\t\t\t\t\t\t\t\t<div class=\"elementor-field-type-text elementor-field-group elementor-column elementor-field-group-field_ec0f00c elementor-col-100\">\n\t\t\t\t\t\t\t\t\t\t\t\t<label for=\"form-field-field_ec0f00c\" class=\"elementor-field-label\">\n\t\t\t\t\t\t\t\tEmpresa\t\t\t\t\t\t\t<\/label>\n\t\t\t\t\t\t\t\t\t\t\t\t\t\t<input size=\"1\" type=\"text\" name=\"form_fields[field_ec0f00c]\" id=\"form-field-field_ec0f00c\" class=\"elementor-field elementor-size-sm  elementor-field-textual\">\n\t\t\t\t\t\t\t\t\t\t\t<\/div>\n\t\t\t\t\t\t\t\t<div class=\"elementor-field-type-recaptcha_v3 elementor-field-group elementor-column elementor-field-group-field_e7b86ad elementor-col-100 recaptcha_v3-bottomright\">\n\t\t\t\t\t<div class=\"elementor-field\" id=\"form-field-field_e7b86ad\"><div class=\"elementor-g-recaptcha\" data-sitekey=\"6Let11wkAAAAAAukggW4qNAhPixG2tfUu35X20t2\" data-type=\"v3\" data-action=\"Form\" data-badge=\"bottomright\" data-size=\"invisible\"><\/div><\/div>\t\t\t\t<\/div>\n\t\t\t\t\t\t\t\t<div class=\"elementor-field-group elementor-column elementor-field-type-submit elementor-col-100 e-form__buttons\">\n\t\t\t\t\t<button class=\"elementor-button elementor-size-sm\" type=\"submit\">\n\t\t\t\t\t\t<span class=\"elementor-button-content-wrapper\">\n\t\t\t\t\t\t\t\t\t\t\t\t\t\t\t\t\t\t\t\t\t\t<span class=\"elementor-button-text\">Enviar<\/span>\n\t\t\t\t\t\t\t\t\t\t\t\t\t<\/span>\n\t\t\t\t\t<\/button>\n\t\t\t\t<\/div>\n\t\t\t<\/div>\n\t\t<\/form>\n\t\t\t\t\t\t<\/div>\n\t\t\t\t<\/div>\n\t\t\t\t\t<\/div>\n\t\t<\/div>\n\t\t\t\t\t<\/div>\n\t\t<\/section>\n\t\t\t\t<\/div>\n\t\t","protected":false},"excerpt":{"rendered":"","protected":false},"author":226808046,"featured_media":317,"parent":0,"menu_order":0,"comment_status":"closed","ping_status":"closed","template":"","meta":{"_crdt_document":"","site-sidebar-layout":"no-sidebar","site-content-layout":"page-builder","ast-site-content-layout":"","site-content-style":"default","site-sidebar-style":"default","ast-global-header-display":"","ast-banner-title-visibility":"","ast-main-header-display":"","ast-hfb-above-header-display":"","ast-hfb-below-header-display":"","ast-hfb-mobile-header-display":"","site-post-title":"disabled","ast-breadcrumbs-content":"","ast-featured-img":"disabled","footer-sml-layout":"","theme-transparent-header-meta":"","adv-header-id-meta":"","stick-header-meta":"","header-above-stick-meta":"","header-main-stick-meta":"","header-below-stick-meta":"","astra-migrate-meta-layouts":"default","ast-page-background-enabled":"default","ast-page-background-meta":{"desktop":{"background-color":"var(--ast-global-color-4)","background-image":"","background-repeat":"repeat","background-position":"center center","background-size":"auto","background-attachment":"scroll","background-type":"","background-media":"","overlay-type":"","overlay-color":"","overlay-gradient":""},"tablet":{"background-color":"","background-image":"","background-repeat":"repeat","background-position":"center center","background-size":"auto","background-attachment":"scroll","background-type":"","background-media":"","overlay-type":"","overlay-color":"","overlay-gradient":""},"mobile":{"background-color":"","background-image":"","background-repeat":"repeat","background-position":"center center","background-size":"auto","background-attachment":"scroll","background-type":"","background-media":"","overlay-type":"","overlay-color":"","overlay-gradient":""}},"ast-content-background-meta":{"desktop":{"background-color":"var(--ast-global-color-5)","background-image":"","background-repeat":"repeat","background-position":"center center","background-size":"auto","background-attachment":"scroll","background-type":"","background-media":"","overlay-type":"","overlay-color":"","overlay-gradient":""},"tablet":{"background-color":"var(--ast-global-color-5)","background-image":"","background-repeat":"repeat","background-position":"center center","background-size":"auto","background-attachment":"scroll","background-type":"","background-media":"","overlay-type":"","overlay-color":"","overlay-gradient":""},"mobile":{"background-color":"var(--ast-global-color-5)","background-image":"","background-repeat":"repeat","background-position":"center center","background-size":"auto","background-attachment":"scroll","background-type":"","background-media":"","overlay-type":"","overlay-color":"","overlay-gradient":""}},"footnotes":""},"class_list":["post-6437","page","type-page","status-publish","has-post-thumbnail","hentry"],"yoast_head":"<!-- This site is optimized with the Yoast SEO plugin v27.4 - https:\/\/yoast.com\/product\/yoast-seo-wordpress\/ -->\n<title>CAT\u00c1LOGO - XMP Packaging<\/title>\n<meta name=\"robots\" content=\"index, follow, max-snippet:-1, max-image-preview:large, max-video-preview:-1\" \/>\n<link rel=\"canonical\" href=\"https:\/\/xmp-packaging.com\/es\/catalogo\/\" \/>\n<meta property=\"og:locale\" content=\"es_ES\" \/>\n<meta property=\"og:type\" content=\"article\" \/>\n<meta property=\"og:title\" content=\"CAT\u00c1LOGO - XMP Packaging\" \/>\n<meta property=\"og:url\" content=\"https:\/\/xmp-packaging.com\/es\/catalogo\/\" \/>\n<meta property=\"og:site_name\" content=\"XMP Packaging\" \/>\n<meta property=\"article:modified_time\" content=\"2023-03-13T14:01:57+00:00\" \/>\n<meta property=\"og:image\" content=\"https:\/\/xmp-packaging.com\/wp-content\/uploads\/2023\/01\/hero2-1.jpeg\" \/>\n\t<meta property=\"og:image:width\" content=\"1920\" \/>\n\t<meta property=\"og:image:height\" content=\"1080\" \/>\n\t<meta property=\"og:image:type\" content=\"image\/jpeg\" \/>\n<meta name=\"twitter:card\" content=\"summary_large_image\" \/>\n<script type=\"application\/ld+json\" class=\"yoast-schema-graph\">{\"@context\":\"https:\\\/\\\/schema.org\",\"@graph\":[{\"@type\":\"WebPage\",\"@id\":\"https:\\\/\\\/xmp-packaging.com\\\/es\\\/catalogo\\\/\",\"url\":\"https:\\\/\\\/xmp-packaging.com\\\/es\\\/catalogo\\\/\",\"name\":\"CAT\u00c1LOGO - XMP Packaging\",\"isPartOf\":{\"@id\":\"https:\\\/\\\/xmp-packaging.com\\\/es\\\/#website\"},\"primaryImageOfPage\":{\"@id\":\"https:\\\/\\\/xmp-packaging.com\\\/es\\\/catalogo\\\/#primaryimage\"},\"image\":{\"@id\":\"https:\\\/\\\/xmp-packaging.com\\\/es\\\/catalogo\\\/#primaryimage\"},\"thumbnailUrl\":\"https:\\\/\\\/i0.wp.com\\\/xmp-packaging.com\\\/wp-content\\\/uploads\\\/2023\\\/01\\\/hero2-1.jpeg?fit=1920%2C1080&ssl=1\",\"datePublished\":\"2023-01-30T07:47:29+00:00\",\"dateModified\":\"2023-03-13T14:01:57+00:00\",\"breadcrumb\":{\"@id\":\"https:\\\/\\\/xmp-packaging.com\\\/es\\\/catalogo\\\/#breadcrumb\"},\"inLanguage\":\"es\",\"potentialAction\":[{\"@type\":\"ReadAction\",\"target\":[\"https:\\\/\\\/xmp-packaging.com\\\/es\\\/catalogo\\\/\"]}]},{\"@type\":\"ImageObject\",\"inLanguage\":\"es\",\"@id\":\"https:\\\/\\\/xmp-packaging.com\\\/es\\\/catalogo\\\/#primaryimage\",\"url\":\"https:\\\/\\\/i0.wp.com\\\/xmp-packaging.com\\\/wp-content\\\/uploads\\\/2023\\\/01\\\/hero2-1.jpeg?fit=1920%2C1080&ssl=1\",\"contentUrl\":\"https:\\\/\\\/i0.wp.com\\\/xmp-packaging.com\\\/wp-content\\\/uploads\\\/2023\\\/01\\\/hero2-1.jpeg?fit=1920%2C1080&ssl=1\",\"width\":1920,\"height\":1080,\"caption\":\"XMP PACKAGING, EXPERTOS EN PACKAGING ECOL\u00d3GICO Y PERSONALIZADO, DESDE EL DISE\u00d1O HASTA LA ENTREGA FINAL\"},{\"@type\":\"BreadcrumbList\",\"@id\":\"https:\\\/\\\/xmp-packaging.com\\\/es\\\/catalogo\\\/#breadcrumb\",\"itemListElement\":[{\"@type\":\"ListItem\",\"position\":1,\"name\":\"Accueil\",\"item\":\"https:\\\/\\\/xmp-packaging.com\\\/es\\\/\"},{\"@type\":\"ListItem\",\"position\":2,\"name\":\"CAT\u00c1LOGO\"}]},{\"@type\":\"WebSite\",\"@id\":\"https:\\\/\\\/xmp-packaging.com\\\/es\\\/#website\",\"url\":\"https:\\\/\\\/xmp-packaging.com\\\/es\\\/\",\"name\":\"XMP Packaging\",\"description\":\"XMP Packaging, expert du packaging personnalis\u00e9 \u00e9coresponsable, de la conception jusqu&#039;\u00e0 la livraison.\",\"publisher\":{\"@id\":\"https:\\\/\\\/xmp-packaging.com\\\/es\\\/#organization\"},\"potentialAction\":[{\"@type\":\"SearchAction\",\"target\":{\"@type\":\"EntryPoint\",\"urlTemplate\":\"https:\\\/\\\/xmp-packaging.com\\\/es\\\/?s={search_term_string}\"},\"query-input\":{\"@type\":\"PropertyValueSpecification\",\"valueRequired\":true,\"valueName\":\"search_term_string\"}}],\"inLanguage\":\"es\"},{\"@type\":\"Organization\",\"@id\":\"https:\\\/\\\/xmp-packaging.com\\\/es\\\/#organization\",\"name\":\"XMP Packaging\",\"url\":\"https:\\\/\\\/xmp-packaging.com\\\/es\\\/\",\"logo\":{\"@type\":\"ImageObject\",\"inLanguage\":\"es\",\"@id\":\"https:\\\/\\\/xmp-packaging.com\\\/es\\\/#\\\/schema\\\/logo\\\/image\\\/\",\"url\":\"https:\\\/\\\/i0.wp.com\\\/xmp-packaging.com\\\/wp-content\\\/uploads\\\/2023\\\/01\\\/cropped-XMP-LOGOS-02.png?fit=1920%2C641&ssl=1\",\"contentUrl\":\"https:\\\/\\\/i0.wp.com\\\/xmp-packaging.com\\\/wp-content\\\/uploads\\\/2023\\\/01\\\/cropped-XMP-LOGOS-02.png?fit=1920%2C641&ssl=1\",\"width\":1920,\"height\":641,\"caption\":\"XMP Packaging\"},\"image\":{\"@id\":\"https:\\\/\\\/xmp-packaging.com\\\/es\\\/#\\\/schema\\\/logo\\\/image\\\/\"}}]}<\/script>\n<!-- \/ Yoast SEO plugin. -->","yoast_head_json":{"title":"CAT\u00c1LOGO - XMP Packaging","robots":{"index":"index","follow":"follow","max-snippet":"max-snippet:-1","max-image-preview":"max-image-preview:large","max-video-preview":"max-video-preview:-1"},"canonical":"https:\/\/xmp-packaging.com\/es\/catalogo\/","og_locale":"es_ES","og_type":"article","og_title":"CAT\u00c1LOGO - XMP Packaging","og_url":"https:\/\/xmp-packaging.com\/es\/catalogo\/","og_site_name":"XMP Packaging","article_modified_time":"2023-03-13T14:01:57+00:00","og_image":[{"width":1920,"height":1080,"url":"https:\/\/xmp-packaging.com\/wp-content\/uploads\/2023\/01\/hero2-1.jpeg","type":"image\/jpeg"}],"twitter_card":"summary_large_image","schema":{"@context":"https:\/\/schema.org","@graph":[{"@type":"WebPage","@id":"https:\/\/xmp-packaging.com\/es\/catalogo\/","url":"https:\/\/xmp-packaging.com\/es\/catalogo\/","name":"CAT\u00c1LOGO - XMP Packaging","isPartOf":{"@id":"https:\/\/xmp-packaging.com\/es\/#website"},"primaryImageOfPage":{"@id":"https:\/\/xmp-packaging.com\/es\/catalogo\/#primaryimage"},"image":{"@id":"https:\/\/xmp-packaging.com\/es\/catalogo\/#primaryimage"},"thumbnailUrl":"https:\/\/i0.wp.com\/xmp-packaging.com\/wp-content\/uploads\/2023\/01\/hero2-1.jpeg?fit=1920%2C1080&ssl=1","datePublished":"2023-01-30T07:47:29+00:00","dateModified":"2023-03-13T14:01:57+00:00","breadcrumb":{"@id":"https:\/\/xmp-packaging.com\/es\/catalogo\/#breadcrumb"},"inLanguage":"es","potentialAction":[{"@type":"ReadAction","target":["https:\/\/xmp-packaging.com\/es\/catalogo\/"]}]},{"@type":"ImageObject","inLanguage":"es","@id":"https:\/\/xmp-packaging.com\/es\/catalogo\/#primaryimage","url":"https:\/\/i0.wp.com\/xmp-packaging.com\/wp-content\/uploads\/2023\/01\/hero2-1.jpeg?fit=1920%2C1080&ssl=1","contentUrl":"https:\/\/i0.wp.com\/xmp-packaging.com\/wp-content\/uploads\/2023\/01\/hero2-1.jpeg?fit=1920%2C1080&ssl=1","width":1920,"height":1080,"caption":"XMP PACKAGING, EXPERTOS EN PACKAGING ECOL\u00d3GICO Y PERSONALIZADO, DESDE EL DISE\u00d1O HASTA LA ENTREGA FINAL"},{"@type":"BreadcrumbList","@id":"https:\/\/xmp-packaging.com\/es\/catalogo\/#breadcrumb","itemListElement":[{"@type":"ListItem","position":1,"name":"Accueil","item":"https:\/\/xmp-packaging.com\/es\/"},{"@type":"ListItem","position":2,"name":"CAT\u00c1LOGO"}]},{"@type":"WebSite","@id":"https:\/\/xmp-packaging.com\/es\/#website","url":"https:\/\/xmp-packaging.com\/es\/","name":"XMP Packaging","description":"XMP Packaging, expert du packaging personnalis\u00e9 \u00e9coresponsable, de la conception jusqu&#039;\u00e0 la livraison.","publisher":{"@id":"https:\/\/xmp-packaging.com\/es\/#organization"},"potentialAction":[{"@type":"SearchAction","target":{"@type":"EntryPoint","urlTemplate":"https:\/\/xmp-packaging.com\/es\/?s={search_term_string}"},"query-input":{"@type":"PropertyValueSpecification","valueRequired":true,"valueName":"search_term_string"}}],"inLanguage":"es"},{"@type":"Organization","@id":"https:\/\/xmp-packaging.com\/es\/#organization","name":"XMP Packaging","url":"https:\/\/xmp-packaging.com\/es\/","logo":{"@type":"ImageObject","inLanguage":"es","@id":"https:\/\/xmp-packaging.com\/es\/#\/schema\/logo\/image\/","url":"https:\/\/i0.wp.com\/xmp-packaging.com\/wp-content\/uploads\/2023\/01\/cropped-XMP-LOGOS-02.png?fit=1920%2C641&ssl=1","contentUrl":"https:\/\/i0.wp.com\/xmp-packaging.com\/wp-content\/uploads\/2023\/01\/cropped-XMP-LOGOS-02.png?fit=1920%2C641&ssl=1","width":1920,"height":641,"caption":"XMP Packaging"},"image":{"@id":"https:\/\/xmp-packaging.com\/es\/#\/schema\/logo\/image\/"}}]}},"jetpack_likes_enabled":true,"jetpack_sharing_enabled":true,"jetpack_shortlink":"https:\/\/wp.me\/PetUvR-1FP","jetpack-related-posts":[],"_links":{"self":[{"href":"https:\/\/xmp-packaging.com\/es\/wp-json\/wp\/v2\/pages\/6437","targetHints":{"allow":["GET"]}}],"collection":[{"href":"https:\/\/xmp-packaging.com\/es\/wp-json\/wp\/v2\/pages"}],"about":[{"href":"https:\/\/xmp-packaging.com\/es\/wp-json\/wp\/v2\/types\/page"}],"author":[{"embeddable":true,"href":"https:\/\/xmp-packaging.com\/es\/wp-json\/wp\/v2\/users\/226808046"}],"replies":[{"embeddable":true,"href":"https:\/\/xmp-packaging.com\/es\/wp-json\/wp\/v2\/comments?post=6437"}],"version-history":[{"count":0,"href":"https:\/\/xmp-packaging.com\/es\/wp-json\/wp\/v2\/pages\/6437\/revisions"}],"wp:featuredmedia":[{"embeddable":true,"href":"https:\/\/xmp-packaging.com\/es\/wp-json\/wp\/v2\/media\/317"}],"wp:attachment":[{"href":"https:\/\/xmp-packaging.com\/es\/wp-json\/wp\/v2\/media?parent=6437"}],"curies":[{"name":"wp","href":"https:\/\/api.w.org\/{rel}","templated":true}]}}