{"id":8872,"date":"2023-05-19T08:33:20","date_gmt":"2023-05-19T06:33:20","guid":{"rendered":"https:\/\/xmp-packaging.com\/catalogus-voedingsgeschikte-verpakkingen\/"},"modified":"2023-05-19T08:36:59","modified_gmt":"2023-05-19T06:36:59","slug":"catalogus-voedingsgeschikte-verpakkingen","status":"publish","type":"page","link":"https:\/\/xmp-packaging.com\/nl\/catalogus-voedingsgeschikte-verpakkingen\/","title":{"rendered":"Catalogus &#8211; Voedingsgeschikte verpakkingen"},"content":{"rendered":"\t\t<div data-elementor-type=\"wp-page\" data-elementor-id=\"8872\" class=\"elementor elementor-8872 elementor-8742\" data-elementor-post-type=\"page\">\n\t\t\t\t\t\t<section class=\"elementor-section elementor-top-section elementor-element elementor-element-b7a43e3 elementor-section-boxed elementor-section-height-default elementor-section-height-default\" data-id=\"b7a43e3\" data-element_type=\"section\" data-e-type=\"section\">\n\t\t\t\t\t\t<div class=\"elementor-container elementor-column-gap-default\">\n\t\t\t\t\t<div class=\"elementor-column elementor-col-100 elementor-top-column elementor-element elementor-element-87dc166\" data-id=\"87dc166\" data-element_type=\"column\" data-e-type=\"column\">\n\t\t\t<div class=\"elementor-widget-wrap elementor-element-populated\">\n\t\t\t\t\t\t<div class=\"elementor-element elementor-element-8d56f1f elementor-widget__width-initial elementor-button-align-stretch elementor-invisible elementor-widget elementor-widget-form\" data-id=\"8d56f1f\" data-element_type=\"widget\" data-e-type=\"widget\" data-settings=\"{&quot;step_next_label&quot;:&quot;Suivant&quot;,&quot;step_previous_label&quot;:&quot;Pr\\u00e9c\\u00e9dent&quot;,&quot;_animation&quot;:&quot;fadeIn&quot;,&quot;button_width&quot;:&quot;100&quot;,&quot;step_type&quot;:&quot;number_text&quot;,&quot;step_icon_shape&quot;:&quot;circle&quot;}\" data-widget_type=\"form.default\">\n\t\t\t\t<div class=\"elementor-widget-container\">\n\t\t\t\t\t\t\t<form class=\"elementor-form\" method=\"post\" name=\"Contactformulier\">\n\t\t\t<input type=\"hidden\" name=\"post_id\" value=\"8872\"\/>\n\t\t\t<input type=\"hidden\" name=\"form_id\" value=\"8d56f1f\"\/>\n\t\t\t<input type=\"hidden\" name=\"referer_title\" value=\"Catalogus - Voedingsgeschikte verpakkingen\" \/>\n\n\t\t\t\t\t\t\t<input type=\"hidden\" name=\"queried_id\" value=\"8872\"\/>\n\t\t\t\n\t\t\t<div class=\"elementor-form-fields-wrapper elementor-labels-above\">\n\t\t\t\t\t\t\t\t<div class=\"elementor-field-type-text elementor-field-group elementor-column elementor-field-group-name elementor-col-50 elementor-field-required elementor-mark-required\">\n\t\t\t\t\t\t\t\t\t\t\t\t<label for=\"form-field-name\" class=\"elementor-field-label\">\n\t\t\t\t\t\t\t\tVoornaam\t\t\t\t\t\t\t<\/label>\n\t\t\t\t\t\t\t\t\t\t\t\t\t\t<input size=\"1\" type=\"text\" name=\"form_fields[name]\" id=\"form-field-name\" class=\"elementor-field elementor-size-sm  elementor-field-textual\" required=\"required\">\n\t\t\t\t\t\t\t\t\t\t\t<\/div>\n\t\t\t\t\t\t\t\t<div class=\"elementor-field-type-text elementor-field-group elementor-column elementor-field-group-field_5fdef44 elementor-col-50 elementor-field-required elementor-mark-required\">\n\t\t\t\t\t\t\t\t\t\t\t\t<label for=\"form-field-field_5fdef44\" class=\"elementor-field-label\">\n\t\t\t\t\t\t\t\tNaam\t\t\t\t\t\t\t<\/label>\n\t\t\t\t\t\t\t\t\t\t\t\t\t\t<input size=\"1\" type=\"text\" name=\"form_fields[field_5fdef44]\" id=\"form-field-field_5fdef44\" class=\"elementor-field elementor-size-sm  elementor-field-textual\" required=\"required\">\n\t\t\t\t\t\t\t\t\t\t\t<\/div>\n\t\t\t\t\t\t\t\t<div class=\"elementor-field-type-email elementor-field-group elementor-column elementor-field-group-email elementor-col-100 elementor-field-required elementor-mark-required\">\n\t\t\t\t\t\t\t\t\t\t\t\t<label for=\"form-field-email\" class=\"elementor-field-label\">\n\t\t\t\t\t\t\t\tE-mail\t\t\t\t\t\t\t<\/label>\n\t\t\t\t\t\t\t\t\t\t\t\t\t\t<input size=\"1\" type=\"email\" name=\"form_fields[email]\" id=\"form-field-email\" class=\"elementor-field elementor-size-sm  elementor-field-textual\" required=\"required\">\n\t\t\t\t\t\t\t\t\t\t\t<\/div>\n\t\t\t\t\t\t\t\t<div class=\"elementor-field-type-text elementor-field-group elementor-column elementor-field-group-field_ec0f00c elementor-col-100\">\n\t\t\t\t\t\t\t\t\t\t\t\t<label for=\"form-field-field_ec0f00c\" class=\"elementor-field-label\">\n\t\t\t\t\t\t\t\tBedrijfsnaam\t\t\t\t\t\t\t<\/label>\n\t\t\t\t\t\t\t\t\t\t\t\t\t\t<input size=\"1\" type=\"text\" name=\"form_fields[field_ec0f00c]\" id=\"form-field-field_ec0f00c\" class=\"elementor-field elementor-size-sm  elementor-field-textual\">\n\t\t\t\t\t\t\t\t\t\t\t<\/div>\n\t\t\t\t\t\t\t\t<div class=\"elementor-field-type-recaptcha_v3 elementor-field-group elementor-column elementor-field-group-field_e7b86ad elementor-col-100 recaptcha_v3-bottomright\">\n\t\t\t\t\t<div class=\"elementor-field\" id=\"form-field-field_e7b86ad\"><div class=\"elementor-g-recaptcha\" data-sitekey=\"6Let11wkAAAAAAukggW4qNAhPixG2tfUu35X20t2\" data-type=\"v3\" data-action=\"Form\" data-badge=\"bottomright\" data-size=\"invisible\"><\/div><\/div>\t\t\t\t<\/div>\n\t\t\t\t\t\t\t\t<div class=\"elementor-field-group elementor-column elementor-field-type-submit elementor-col-100 e-form__buttons\">\n\t\t\t\t\t<button class=\"elementor-button elementor-size-sm\" type=\"submit\">\n\t\t\t\t\t\t<span class=\"elementor-button-content-wrapper\">\n\t\t\t\t\t\t\t\t\t\t\t\t\t\t\t\t\t\t\t\t\t\t<span class=\"elementor-button-text\">Verzenden<\/span>\n\t\t\t\t\t\t\t\t\t\t\t\t\t<\/span>\n\t\t\t\t\t<\/button>\n\t\t\t\t<\/div>\n\t\t\t<\/div>\n\t\t<\/form>\n\t\t\t\t\t\t<\/div>\n\t\t\t\t<\/div>\n\t\t\t\t\t<\/div>\n\t\t<\/div>\n\t\t\t\t\t<\/div>\n\t\t<\/section>\n\t\t\t\t<\/div>\n\t\t","protected":false},"excerpt":{"rendered":"","protected":false},"author":226808046,"featured_media":2908,"parent":0,"menu_order":0,"comment_status":"closed","ping_status":"closed","template":"","meta":{"_crdt_document":"","site-sidebar-layout":"no-sidebar","site-content-layout":"page-builder","ast-site-content-layout":"","site-content-style":"default","site-sidebar-style":"default","ast-global-header-display":"","ast-banner-title-visibility":"","ast-main-header-display":"","ast-hfb-above-header-display":"","ast-hfb-below-header-display":"","ast-hfb-mobile-header-display":"","site-post-title":"disabled","ast-breadcrumbs-content":"","ast-featured-img":"disabled","footer-sml-layout":"","theme-transparent-header-meta":"","adv-header-id-meta":"","stick-header-meta":"","header-above-stick-meta":"","header-main-stick-meta":"","header-below-stick-meta":"","astra-migrate-meta-layouts":"default","ast-page-background-enabled":"default","ast-page-background-meta":{"desktop":{"background-color":"var(--ast-global-color-4)","background-image":"","background-repeat":"repeat","background-position":"center center","background-size":"auto","background-attachment":"scroll","background-type":"","background-media":"","overlay-type":"","overlay-color":"","overlay-gradient":""},"tablet":{"background-color":"","background-image":"","background-repeat":"repeat","background-position":"center center","background-size":"auto","background-attachment":"scroll","background-type":"","background-media":"","overlay-type":"","overlay-color":"","overlay-gradient":""},"mobile":{"background-color":"","background-image":"","background-repeat":"repeat","background-position":"center center","background-size":"auto","background-attachment":"scroll","background-type":"","background-media":"","overlay-type":"","overlay-color":"","overlay-gradient":""}},"ast-content-background-meta":{"desktop":{"background-color":"var(--ast-global-color-5)","background-image":"","background-repeat":"repeat","background-position":"center center","background-size":"auto","background-attachment":"scroll","background-type":"","background-media":"","overlay-type":"","overlay-color":"","overlay-gradient":""},"tablet":{"background-color":"var(--ast-global-color-5)","background-image":"","background-repeat":"repeat","background-position":"center center","background-size":"auto","background-attachment":"scroll","background-type":"","background-media":"","overlay-type":"","overlay-color":"","overlay-gradient":""},"mobile":{"background-color":"var(--ast-global-color-5)","background-image":"","background-repeat":"repeat","background-position":"center center","background-size":"auto","background-attachment":"scroll","background-type":"","background-media":"","overlay-type":"","overlay-color":"","overlay-gradient":""}},"jetpack_post_was_ever_published":false,"footnotes":""},"class_list":["post-8872","page","type-page","status-publish","has-post-thumbnail","hentry"],"yoast_head":"<!-- This site is optimized with the Yoast SEO plugin v27.3 - https:\/\/yoast.com\/product\/yoast-seo-wordpress\/ -->\n<title>Catalogus - Voedingsgeschikte verpakkingen<\/title>\n<meta name=\"robots\" content=\"index, follow, max-snippet:-1, max-image-preview:large, max-video-preview:-1\" \/>\n<link rel=\"canonical\" href=\"https:\/\/xmp-packaging.com\/nl\/catalogus-voedingsgeschikte-verpakkingen\/\" \/>\n<meta property=\"og:locale\" content=\"nl_NL\" \/>\n<meta property=\"og:type\" content=\"article\" \/>\n<meta property=\"og:title\" content=\"Catalogus - Voedingsgeschikte verpakkingen\" \/>\n<meta property=\"og:url\" content=\"https:\/\/xmp-packaging.com\/nl\/catalogus-voedingsgeschikte-verpakkingen\/\" \/>\n<meta property=\"og:site_name\" content=\"XMP Packaging\" \/>\n<meta property=\"article:modified_time\" content=\"2023-05-19T06:36:59+00:00\" \/>\n<meta property=\"og:image\" content=\"https:\/\/xmp-packaging.com\/wp-content\/uploads\/2023\/01\/d78c8440d3444c5e1ad384f7cb7be2de-2-1024x1024.jpg\" \/>\n\t<meta property=\"og:image:width\" content=\"1024\" \/>\n\t<meta property=\"og:image:height\" content=\"1024\" \/>\n\t<meta property=\"og:image:type\" content=\"image\/jpeg\" \/>\n<meta name=\"twitter:card\" content=\"summary_large_image\" \/>\n<script type=\"application\/ld+json\" class=\"yoast-schema-graph\">{\"@context\":\"https:\\\/\\\/schema.org\",\"@graph\":[{\"@type\":\"WebPage\",\"@id\":\"https:\\\/\\\/xmp-packaging.com\\\/nl\\\/catalogus-voedingsgeschikte-verpakkingen\\\/\",\"url\":\"https:\\\/\\\/xmp-packaging.com\\\/nl\\\/catalogus-voedingsgeschikte-verpakkingen\\\/\",\"name\":\"Catalogus - Voedingsgeschikte verpakkingen\",\"isPartOf\":{\"@id\":\"https:\\\/\\\/xmp-packaging.com\\\/nl\\\/#website\"},\"primaryImageOfPage\":{\"@id\":\"https:\\\/\\\/xmp-packaging.com\\\/nl\\\/catalogus-voedingsgeschikte-verpakkingen\\\/#primaryimage\"},\"image\":{\"@id\":\"https:\\\/\\\/xmp-packaging.com\\\/nl\\\/catalogus-voedingsgeschikte-verpakkingen\\\/#primaryimage\"},\"thumbnailUrl\":\"https:\\\/\\\/i0.wp.com\\\/xmp-packaging.com\\\/wp-content\\\/uploads\\\/2023\\\/01\\\/d78c8440d3444c5e1ad384f7cb7be2de-2.jpg?fit=4480%2C4480&ssl=1\",\"datePublished\":\"2023-05-19T06:33:20+00:00\",\"dateModified\":\"2023-05-19T06:36:59+00:00\",\"breadcrumb\":{\"@id\":\"https:\\\/\\\/xmp-packaging.com\\\/nl\\\/catalogus-voedingsgeschikte-verpakkingen\\\/#breadcrumb\"},\"inLanguage\":\"nl-NL\",\"potentialAction\":[{\"@type\":\"ReadAction\",\"target\":[\"https:\\\/\\\/xmp-packaging.com\\\/nl\\\/catalogus-voedingsgeschikte-verpakkingen\\\/\"]}]},{\"@type\":\"ImageObject\",\"inLanguage\":\"nl-NL\",\"@id\":\"https:\\\/\\\/xmp-packaging.com\\\/nl\\\/catalogus-voedingsgeschikte-verpakkingen\\\/#primaryimage\",\"url\":\"https:\\\/\\\/i0.wp.com\\\/xmp-packaging.com\\\/wp-content\\\/uploads\\\/2023\\\/01\\\/d78c8440d3444c5e1ad384f7cb7be2de-2.jpg?fit=4480%2C4480&ssl=1\",\"contentUrl\":\"https:\\\/\\\/i0.wp.com\\\/xmp-packaging.com\\\/wp-content\\\/uploads\\\/2023\\\/01\\\/d78c8440d3444c5e1ad384f7cb7be2de-2.jpg?fit=4480%2C4480&ssl=1\",\"width\":4480,\"height\":4480,\"caption\":\"Dozen en schaaltjes\"},{\"@type\":\"BreadcrumbList\",\"@id\":\"https:\\\/\\\/xmp-packaging.com\\\/nl\\\/catalogus-voedingsgeschikte-verpakkingen\\\/#breadcrumb\",\"itemListElement\":[{\"@type\":\"ListItem\",\"position\":1,\"name\":\"Accueil\",\"item\":\"https:\\\/\\\/xmp-packaging.com\\\/nl\\\/\"},{\"@type\":\"ListItem\",\"position\":2,\"name\":\"Catalogus &#8211; Voedingsgeschikte verpakkingen\"}]},{\"@type\":\"WebSite\",\"@id\":\"https:\\\/\\\/xmp-packaging.com\\\/nl\\\/#website\",\"url\":\"https:\\\/\\\/xmp-packaging.com\\\/nl\\\/\",\"name\":\"XMP Packaging\",\"description\":\"XMP Packaging, expert du packaging personnalis\u00e9 \u00e9coresponsable, de la conception jusqu&#039;\u00e0 la livraison.\",\"publisher\":{\"@id\":\"https:\\\/\\\/xmp-packaging.com\\\/nl\\\/#organization\"},\"potentialAction\":[{\"@type\":\"SearchAction\",\"target\":{\"@type\":\"EntryPoint\",\"urlTemplate\":\"https:\\\/\\\/xmp-packaging.com\\\/nl\\\/?s={search_term_string}\"},\"query-input\":{\"@type\":\"PropertyValueSpecification\",\"valueRequired\":true,\"valueName\":\"search_term_string\"}}],\"inLanguage\":\"nl-NL\"},{\"@type\":\"Organization\",\"@id\":\"https:\\\/\\\/xmp-packaging.com\\\/nl\\\/#organization\",\"name\":\"XMP Packaging\",\"url\":\"https:\\\/\\\/xmp-packaging.com\\\/nl\\\/\",\"logo\":{\"@type\":\"ImageObject\",\"inLanguage\":\"nl-NL\",\"@id\":\"https:\\\/\\\/xmp-packaging.com\\\/nl\\\/#\\\/schema\\\/logo\\\/image\\\/\",\"url\":\"https:\\\/\\\/i0.wp.com\\\/xmp-packaging.com\\\/wp-content\\\/uploads\\\/2023\\\/01\\\/cropped-XMP-LOGOS-02.png?fit=1920%2C641&ssl=1\",\"contentUrl\":\"https:\\\/\\\/i0.wp.com\\\/xmp-packaging.com\\\/wp-content\\\/uploads\\\/2023\\\/01\\\/cropped-XMP-LOGOS-02.png?fit=1920%2C641&ssl=1\",\"width\":1920,\"height\":641,\"caption\":\"XMP Packaging\"},\"image\":{\"@id\":\"https:\\\/\\\/xmp-packaging.com\\\/nl\\\/#\\\/schema\\\/logo\\\/image\\\/\"}}]}<\/script>\n<!-- \/ Yoast SEO plugin. -->","yoast_head_json":{"title":"Catalogus - Voedingsgeschikte verpakkingen","robots":{"index":"index","follow":"follow","max-snippet":"max-snippet:-1","max-image-preview":"max-image-preview:large","max-video-preview":"max-video-preview:-1"},"canonical":"https:\/\/xmp-packaging.com\/nl\/catalogus-voedingsgeschikte-verpakkingen\/","og_locale":"nl_NL","og_type":"article","og_title":"Catalogus - Voedingsgeschikte verpakkingen","og_url":"https:\/\/xmp-packaging.com\/nl\/catalogus-voedingsgeschikte-verpakkingen\/","og_site_name":"XMP Packaging","article_modified_time":"2023-05-19T06:36:59+00:00","og_image":[{"width":1024,"height":1024,"url":"https:\/\/xmp-packaging.com\/wp-content\/uploads\/2023\/01\/d78c8440d3444c5e1ad384f7cb7be2de-2-1024x1024.jpg","type":"image\/jpeg"}],"twitter_card":"summary_large_image","schema":{"@context":"https:\/\/schema.org","@graph":[{"@type":"WebPage","@id":"https:\/\/xmp-packaging.com\/nl\/catalogus-voedingsgeschikte-verpakkingen\/","url":"https:\/\/xmp-packaging.com\/nl\/catalogus-voedingsgeschikte-verpakkingen\/","name":"Catalogus - Voedingsgeschikte verpakkingen","isPartOf":{"@id":"https:\/\/xmp-packaging.com\/nl\/#website"},"primaryImageOfPage":{"@id":"https:\/\/xmp-packaging.com\/nl\/catalogus-voedingsgeschikte-verpakkingen\/#primaryimage"},"image":{"@id":"https:\/\/xmp-packaging.com\/nl\/catalogus-voedingsgeschikte-verpakkingen\/#primaryimage"},"thumbnailUrl":"https:\/\/i0.wp.com\/xmp-packaging.com\/wp-content\/uploads\/2023\/01\/d78c8440d3444c5e1ad384f7cb7be2de-2.jpg?fit=4480%2C4480&ssl=1","datePublished":"2023-05-19T06:33:20+00:00","dateModified":"2023-05-19T06:36:59+00:00","breadcrumb":{"@id":"https:\/\/xmp-packaging.com\/nl\/catalogus-voedingsgeschikte-verpakkingen\/#breadcrumb"},"inLanguage":"nl-NL","potentialAction":[{"@type":"ReadAction","target":["https:\/\/xmp-packaging.com\/nl\/catalogus-voedingsgeschikte-verpakkingen\/"]}]},{"@type":"ImageObject","inLanguage":"nl-NL","@id":"https:\/\/xmp-packaging.com\/nl\/catalogus-voedingsgeschikte-verpakkingen\/#primaryimage","url":"https:\/\/i0.wp.com\/xmp-packaging.com\/wp-content\/uploads\/2023\/01\/d78c8440d3444c5e1ad384f7cb7be2de-2.jpg?fit=4480%2C4480&ssl=1","contentUrl":"https:\/\/i0.wp.com\/xmp-packaging.com\/wp-content\/uploads\/2023\/01\/d78c8440d3444c5e1ad384f7cb7be2de-2.jpg?fit=4480%2C4480&ssl=1","width":4480,"height":4480,"caption":"Dozen en schaaltjes"},{"@type":"BreadcrumbList","@id":"https:\/\/xmp-packaging.com\/nl\/catalogus-voedingsgeschikte-verpakkingen\/#breadcrumb","itemListElement":[{"@type":"ListItem","position":1,"name":"Accueil","item":"https:\/\/xmp-packaging.com\/nl\/"},{"@type":"ListItem","position":2,"name":"Catalogus &#8211; Voedingsgeschikte verpakkingen"}]},{"@type":"WebSite","@id":"https:\/\/xmp-packaging.com\/nl\/#website","url":"https:\/\/xmp-packaging.com\/nl\/","name":"XMP Packaging","description":"XMP Packaging, expert du packaging personnalis\u00e9 \u00e9coresponsable, de la conception jusqu&#039;\u00e0 la livraison.","publisher":{"@id":"https:\/\/xmp-packaging.com\/nl\/#organization"},"potentialAction":[{"@type":"SearchAction","target":{"@type":"EntryPoint","urlTemplate":"https:\/\/xmp-packaging.com\/nl\/?s={search_term_string}"},"query-input":{"@type":"PropertyValueSpecification","valueRequired":true,"valueName":"search_term_string"}}],"inLanguage":"nl-NL"},{"@type":"Organization","@id":"https:\/\/xmp-packaging.com\/nl\/#organization","name":"XMP Packaging","url":"https:\/\/xmp-packaging.com\/nl\/","logo":{"@type":"ImageObject","inLanguage":"nl-NL","@id":"https:\/\/xmp-packaging.com\/nl\/#\/schema\/logo\/image\/","url":"https:\/\/i0.wp.com\/xmp-packaging.com\/wp-content\/uploads\/2023\/01\/cropped-XMP-LOGOS-02.png?fit=1920%2C641&ssl=1","contentUrl":"https:\/\/i0.wp.com\/xmp-packaging.com\/wp-content\/uploads\/2023\/01\/cropped-XMP-LOGOS-02.png?fit=1920%2C641&ssl=1","width":1920,"height":641,"caption":"XMP Packaging"},"image":{"@id":"https:\/\/xmp-packaging.com\/nl\/#\/schema\/logo\/image\/"}}]}},"jetpack_likes_enabled":true,"jetpack_sharing_enabled":true,"jetpack_shortlink":"https:\/\/wp.me\/PetUvR-2j6","jetpack-related-posts":[],"_links":{"self":[{"href":"https:\/\/xmp-packaging.com\/nl\/wp-json\/wp\/v2\/pages\/8872","targetHints":{"allow":["GET"]}}],"collection":[{"href":"https:\/\/xmp-packaging.com\/nl\/wp-json\/wp\/v2\/pages"}],"about":[{"href":"https:\/\/xmp-packaging.com\/nl\/wp-json\/wp\/v2\/types\/page"}],"author":[{"embeddable":true,"href":"https:\/\/xmp-packaging.com\/nl\/wp-json\/wp\/v2\/users\/226808046"}],"replies":[{"embeddable":true,"href":"https:\/\/xmp-packaging.com\/nl\/wp-json\/wp\/v2\/comments?post=8872"}],"version-history":[{"count":0,"href":"https:\/\/xmp-packaging.com\/nl\/wp-json\/wp\/v2\/pages\/8872\/revisions"}],"wp:featuredmedia":[{"embeddable":true,"href":"https:\/\/xmp-packaging.com\/nl\/wp-json\/wp\/v2\/media\/2908"}],"wp:attachment":[{"href":"https:\/\/xmp-packaging.com\/nl\/wp-json\/wp\/v2\/media?parent=8872"}],"curies":[{"name":"wp","href":"https:\/\/api.w.org\/{rel}","templated":true}]}}